{"id":757,"date":"2016-08-24T07:42:29","date_gmt":"2016-08-24T04:42:29","guid":{"rendered":"http:\/\/smartyschool.stylemixthemes.com\/?page_id=757"},"modified":"2021-02-04T23:15:21","modified_gmt":"2021-02-04T23:15:21","slug":"servicios","status":"publish","type":"page","link":"http:\/\/www.colegiosantotomaschia.edu.co\/newsite\/servicios\/","title":{"rendered":"Servicios"},"content":{"rendered":"<p>[vc_row css=&#8221;.vc_custom_1472040981919{margin-bottom: 30px !important;}&#8221;][vc_column offset=&#8221;vc_col-lg-9 vc_col-md-9 vc_col-xs-12&#8243;][vc_row_inner css=&#8221;.vc_custom_1472037297757{margin-bottom: 30px !important;}&#8221;][vc_column_inner width=&#8221;1\/2&#8243;][vc_column_text css=&#8221;.vc_custom_1610665952929{margin-top: 2px !important;}&#8221;]<span style=\"display: block; font-family: 'Work Sans', sans-serif; font-size: 15px; line-height: 30px; letter-spacing: -0.20px;\">Somos una instituci\u00f3n educativa certificada por el ICFES con la calificaci\u00f3n A+, siendo esta la m\u00e1s alta que instituci\u00f3n puede tener. <\/span><\/p>\n<p><span style=\"display: block; font-family: 'Work Sans', sans-serif; font-size: 15px; line-height: 30px; letter-spacing: -0.20px;\">El modelo EFQM que surge en la d\u00e9cada de los 80s es un referente en el \u00e1mbito de la Uni\u00f3n Europea, y el premio a la calidad. <\/span><\/p>\n<p><span style=\"display: block; font-family: 'Work Sans', sans-serif; font-size: 15px; line-height: 30px; letter-spacing: -0.20px;\">La instituci\u00f3n es considerada como centro de preparaci\u00f3n y certificaci\u00f3n del Consejo Brit\u00e1nico, por la Universidad de Cambridge para los diferentes ex\u00e1menes internacionales.<\/span>[\/vc_column_text][\/vc_column_inner][vc_column_inner width=&#8221;1\/2&#8243;][vc_video link=&#8221;https:\/\/www.youtube.com\/watch?v=TuBErqtcAMc&#8221; css=&#8221;.vc_custom_1610666821021{margin-top: 10px !important;margin-bottom: 20px !important;}&#8221;][\/vc_column_inner][\/vc_row_inner][vc_tta_tabs style=&#8221;flat&#8221; shape=&#8221;square&#8221; color=&#8221;blue&#8221; spacing=&#8221;&#8221; alignment=&#8221;center&#8221; active_section=&#8221;1&#8243; no_fill_content_area=&#8221;true&#8221;][vc_tta_section title=&#8221;Acad\u00e9mica&#8221; tab_id=&#8221;1472015073131-e3a66ddc-3efc&#8221;][vc_column_text css=&#8221;.vc_custom_1609975351423{margin-bottom: 0px !important;}&#8221;]<span style=\"display: block; letter-spacing: -0.20px; font-family: 'Work Sans', sans-serif; font-size: 15px; line-height: 30px;\">Cibercolegios es un Sistema de Gesti\u00f3n Educativa en l\u00ednea que permite la integraci\u00f3n de los procesos de comunicaci\u00f3n, acad\u00e9micos y administrativos de Instituciones Educativas de preescolar, b\u00e1sica y media a nivel nacional. Nos apoyamos en una robusta infraestructura tecnol\u00f3gica, estrictos controles de calidad y un talento humano competente y comprometido, siempre atento a brindar el soporte y acompa\u00f1amiento que cada uno de nuestros usuario requiere.<\/span>[\/vc_column_text][vc_empty_space][vc_btn title=&#8221;Ingresar&#8221; color=&#8221;black&#8221; link=&#8221;url:https%3A%2F%2Faccounts.google.com%2Fsignin%2Fv2%2Fidentifier%3Fservice%3Dmail%26passive%3Dtrue%26rm%3Dfalse%26continue%3Dhttps%253A%252F%252Fmail.google.com%252Fmail%252F%26ss%3D1%26scc%3D1%26ltmpl%3Ddefault%26ltmplcache%3D2%26emr%3D1%26osid%3D1%26flowName%3DGlifWebSignIn%26flowEntry%3DServiceLogin|target:_blank&#8221;][\/vc_tta_section][vc_tta_section title=&#8221;Comunicaciones&#8221; tab_id=&#8221;1611609971832-bd7a0b0d-ca08&#8243;][vc_empty_space][vc_btn title=&#8221;Ingresar&#8221; color=&#8221;black&#8221; link=&#8221;url:https%3A%2F%2Fwww.cibercolegios.com|target:_blank&#8221;][\/vc_tta_section][vc_tta_section title=&#8221;Convenios&#8221; tab_id=&#8221;1472015073224-86732a77-4ba8&#8243;][vc_column_text]<span style=\"display: block; letter-spacing: -0.20px; font-family: 'Work Sans', sans-serif; font-size: 15px; line-height: 30px;\">Entre las m\u00faltiples ventajas y servicios que ofrece el Colegio Santo Tom\u00e1s Ch\u00eda est\u00e1n los diversos convenios con instituciones y entidades que permiten a nuestros estudiantes proyectarse y evolucionar desde diferentes aspectos y dimensiones.<\/span>[\/vc_column_text][vc_row_inner][vc_column_inner][vc_single_image image=&#8221;2852&#8243; img_size=&#8221;full&#8221;][\/vc_column_inner][\/vc_row_inner][\/vc_tta_section][vc_tta_section title=&#8221;Inmersi\u00f3n Educativa&#8221; tab_id=&#8221;1472015138757-80ae0005-0289&#8243;][vc_column_text]<span style=\"display: block; letter-spacing: -0.20px; font-family: 'Work Sans', sans-serif; font-size: 15px; line-height: 30px;\">Los estudiantes de grado und\u00e9cimo en el segundo semestre tienen la oportunidad de vivenciar lo que puede ser su futuro inmediato y tener la posibilidad de optar entre prestigiosas universidades, para su futuro a largo plazo.<\/span>[\/vc_column_text][vc_row_inner][vc_column_inner width=&#8221;1\/3&#8243;][vc_single_image image=&#8221;2688&#8243; img_size=&#8221;full&#8221;][\/vc_column_inner][vc_column_inner width=&#8221;1\/3&#8243;][vc_single_image image=&#8221;2690&#8243; img_size=&#8221;full&#8221;][\/vc_column_inner][vc_column_inner width=&#8221;1\/3&#8243;][vc_single_image image=&#8221;2689&#8243; img_size=&#8221;full&#8221;][\/vc_column_inner][\/vc_row_inner][vc_row_inner][vc_column_inner width=&#8221;1\/3&#8243;][vc_single_image image=&#8221;2837&#8243; img_size=&#8221;full&#8221;][\/vc_column_inner][vc_column_inner width=&#8221;1\/3&#8243;][vc_single_image image=&#8221;2838&#8243; img_size=&#8221;full&#8221;][\/vc_column_inner][vc_column_inner width=&#8221;1\/3&#8243;][vc_single_image image=&#8221;2839&#8243; img_size=&#8221;full&#8221;][\/vc_column_inner][\/vc_row_inner][\/vc_tta_section][\/vc_tta_tabs][\/vc_column][vc_column width=&#8221;1\/4&#8243; offset=&#8221;vc_hidden-sm vc_hidden-xs&#8221; css=&#8221;.vc_custom_1473419813916{margin-top: 19px !important;}&#8221;][stm_wp_custommenu nav_menu=&#8221;29&#8243;][stm_btn btn_text_align=&#8221;left&#8221; btn_link=&#8221;url:https%3A%2F%2Fwww.cibercolegios.com|title:Cibercolegios|target:_blank&#8221; btn_secondary_text=&#8221;Ingresar&#8221; icon_box_bg=&#8221;2715&#8243;][vc_empty_space height=&#8221;20px&#8221;][stm_wp_custommenu nav_menu=&#8221;29&#8243;][stm_btn btn_text_align=&#8221;left&#8221; btn_link=&#8221;url:http%3A%2F%2Fwww.colegiosantotomaschia.edu.co%2Fnewsite%2Fwp-content%2Fuploads%2F2021%2F02%2FMANUAL-DE-CONVIVENCIA-2021.pdf|title:Manual%20de%20Convivencia|target:_blank&#8221; btn_secondary_text=&#8221;Descargar&#8221; icon_box_bg=&#8221;2713&#8243;][vc_empty_space height=&#8221;20px&#8221;][stm_wp_custommenu nav_menu=&#8221;29&#8243;][stm_btn btn_text_align=&#8221;left&#8221; btn_link=&#8221;url:https%3A%2F%2Fdocs.google.com%2Fforms%2Fd%2Fe%2F1FAIpQLSecvWkvZYVSUqTWv7JlhxOgeRY7WeWW4YgX3xPFG20zUYzJZQ%2Fviewform|title:Inscripciones%20|target:_blank&#8221; btn_secondary_text=&#8221;Acceder&#8221; icon_box_bg=&#8221;2717&#8243;][vc_empty_space height=&#8221;20px&#8221;][stm_wp_custommenu nav_menu=&#8221;29&#8243;][stm_btn btn_text_align=&#8221;left&#8221; btn_link=&#8221;url:https%3A%2F%2Fwww.zonapagos.com%2Ft_Colegiomatriculasyvarios|title:Pago%20de%20Matr%C3%ADcula%2FOtros|target:_blank&#8221; btn_secondary_text=&#8221;Acceder&#8221; icon_box_bg=&#8221;2719&#8243;][vc_empty_space height=&#8221;20px&#8221;][stm_wp_custommenu nav_menu=&#8221;29&#8243;][stm_btn btn_text_align=&#8221;left&#8221; btn_link=&#8221;url:https%3A%2F%2Fwww.zonapagos.com%2Ft_Colegiosantotomas|title:Pago%20Pensiones|target:_blank&#8221; btn_secondary_text=&#8221;Acceder&#8221; icon_box_bg=&#8221;2709&#8243;][\/vc_column][\/vc_row]<\/p>\n","protected":false},"excerpt":{"rendered":"<p>[vc_row css=&#8221;.vc_custom_1472040981919{margin-bottom: 30px !important;}&#8221;][vc_column offset=&#8221;vc_col-lg-9 vc_col-md-9 vc_col-xs-12&#8243;][vc_row_inner css=&#8221;.vc_custom_1472037297757{margin-bottom: 30px !important;}&#8221;][vc_column_inner width=&#8221;1\/2&#8243;][vc_column_text css=&#8221;.vc_custom_1610665952929{margin-top: 2px !important;}&#8221;]Somos una instituci\u00f3n educativa certificada por el ICFES con la calificaci\u00f3n A+, siendo esta la m\u00e1s alta que instituci\u00f3n puede tener. El modelo EFQM que surge en la d\u00e9cada de los 80s es un referente en el \u00e1mbito de la Uni\u00f3n Europea, [&hellip;]<\/p>\n","protected":false},"author":1,"featured_media":0,"parent":0,"menu_order":2,"comment_status":"closed","ping_status":"closed","template":"","meta":[],"_links":{"self":[{"href":"http:\/\/www.colegiosantotomaschia.edu.co\/newsite\/wp-json\/wp\/v2\/pages\/757"}],"collection":[{"href":"http:\/\/www.colegiosantotomaschia.edu.co\/newsite\/wp-json\/wp\/v2\/pages"}],"about":[{"href":"http:\/\/www.colegiosantotomaschia.edu.co\/newsite\/wp-json\/wp\/v2\/types\/page"}],"author":[{"embeddable":true,"href":"http:\/\/www.colegiosantotomaschia.edu.co\/newsite\/wp-json\/wp\/v2\/users\/1"}],"replies":[{"embeddable":true,"href":"http:\/\/www.colegiosantotomaschia.edu.co\/newsite\/wp-json\/wp\/v2\/comments?post=757"}],"version-history":[{"count":21,"href":"http:\/\/www.colegiosantotomaschia.edu.co\/newsite\/wp-json\/wp\/v2\/pages\/757\/revisions"}],"predecessor-version":[{"id":2975,"href":"http:\/\/www.colegiosantotomaschia.edu.co\/newsite\/wp-json\/wp\/v2\/pages\/757\/revisions\/2975"}],"wp:attachment":[{"href":"http:\/\/www.colegiosantotomaschia.edu.co\/newsite\/wp-json\/wp\/v2\/media?parent=757"}],"curies":[{"name":"wp","href":"https:\/\/api.w.org\/{rel}","templated":true}]}}