{"id":506,"date":"2016-08-18T12:52:11","date_gmt":"2016-08-18T12:52:11","guid":{"rendered":"http:\/\/smartyschool.stylemixthemes.com\/?page_id=506"},"modified":"2021-02-02T23:09:09","modified_gmt":"2021-02-02T23:09:09","slug":"quienes-somos","status":"publish","type":"page","link":"http:\/\/www.colegiosantotomaschia.edu.co\/newsite\/quienes-somos\/","title":{"rendered":"Qui\u00e9nes Somos"},"content":{"rendered":"<p>[vc_row css=&#8221;.vc_custom_1609951820646{margin-top: -43px !important;margin-bottom: 0px !important;}&#8221;][vc_column][rev_slider_vc alias=&#8221;home-slider-11&#8243;][\/vc_column][\/vc_row][vc_row full_width=&#8221;stretch_row&#8221; css=&#8221;.vc_custom_1469697216174{padding-top: 37px !important;padding-bottom: 60px !important;background-color: #e3e7ea !important;}&#8221;][vc_column][vc_empty_space height=&#8221;50px&#8221;][stm_title title_tag=&#8221;h2&#8243; title_color=&#8221;custom&#8221; title=&#8221;Quienes Somos&#8221; title_color_custom=&#8221;#000000&#8243; title_margin_b=&#8221;43px&#8221;][\/stm_title][vc_column_text css=&#8221;.vc_custom_1610668796079{margin-bottom: 29px !important;}&#8221;]<span style=\"color: #595959; font-sze: 15px; font-family: 'Work Sans', sans-serif;\">Somos una Instituci\u00f3n Educativa certificada con los mas altos est\u00e1ndares de calidad.<\/span>[\/vc_column_text][vc_row_inner][vc_column_inner width=&#8221;1\/3&#8243;][vc_single_image image=&#8221;2694&#8243; img_size=&#8221;full&#8221;][stm_title title_tag=&#8221;h5&#8243; title=&#8221;Modelo EFQM&#8221;][\/stm_title][vc_column_text]<span style=\"color: #595959; font-sze: 15px; font-family: 'Work Sans', sans-serif;\">El modelo EFQM que surge en la d\u00e9cada de los 80s es un referente en el \u00e1mbito de la Uni\u00f3n Europea, y el premio a la calidad.<\/span>[\/vc_column_text][\/vc_column_inner][vc_column_inner width=&#8221;1\/3&#8243;][vc_single_image image=&#8221;2696&#8243; img_size=&#8221;full&#8221;][stm_title title_tag=&#8221;h5&#8243; title=&#8221;ICFES A+&#8221;][\/stm_title][vc_column_text]<span style=\"color: #595959; font-sze: 15px; font-family: 'Work Sans', sans-serif;\">Somos una instituci\u00f3n educativa certificada por el ICFES con la calificaci\u00f3n A+, siendo esta la m\u00e1s alta que instituci\u00f3n puede tener.<\/span>[\/vc_column_text][\/vc_column_inner][vc_column_inner width=&#8221;1\/3&#8243;][vc_single_image image=&#8221;2698&#8243; img_size=&#8221;full&#8221;][stm_title title_tag=&#8221;h5&#8243; title=&#8221;Universidad de Cambridge&#8221;][\/stm_title][vc_column_text]<span style=\"color: #595959; font-sze: 15px; font-family: 'Work Sans', sans-serif;\">La instituci\u00f3n es considerada como centro de preparaci\u00f3n y certificaci\u00f3n del Consejo Brit\u00e1nico, por la Universidad de Cambridge para los diferentes ex\u00e1menes internacionales.<\/span>[\/vc_column_text][\/vc_column_inner][\/vc_row_inner][\/vc_column][\/vc_row][vc_row el_class=&#8221;stm-row_table&#8221; css=&#8221;.vc_custom_1471583510200{margin-bottom: 45px !important;}&#8221;][vc_column offset=&#8221;vc_col-lg-9 vc_col-md-offset-0 vc_col-md-9 vc_col-sm-offset-0 vc_col-xs-12&#8243;][vc_empty_space height=&#8221;50px&#8221;][vc_row_inner][vc_column_inner width=&#8221;6\/12&#8243;][vc_single_image image=&#8221;2604&#8243; img_size=&#8221;435&#215;280&#8243; el_class=&#8221;img-responsive&#8221;][\/vc_column_inner][vc_column_inner width=&#8221;6\/12&#8243;][stm_title title_tag=&#8221;div&#8221; title_color=&#8221;custom&#8221; title=&#8221;Rese\u00f1a Hist\u00f3rica&#8221; title_color_custom=&#8221;#000000&#8243; title_font_size=&#8221;30px&#8221; title_line_height=&#8221;30px&#8221;][\/stm_title][vc_column_text]<span style=\"color: #595959; font-sze: 15px; font-family: 'Work Sans', sans-serif;\">Con ocasi\u00f3n de la celebraci\u00f3n del bingo-bazar del Colegio Celest\u00edn Freinet, en el Club el Moh\u00e1n en el mes de junio de 1987 se encontraron Helena Gracia de Castro, profesora del citado Colegio, Jos\u00e9 Emiliano Pinz\u00f3n Reyes y Susana Torres de Pinz\u00f3n, siendo esta la ocasi\u00f3n para proponer la fundaci\u00f3n de un Colegio de primaria para el municipio de Ch\u00eda, que supliera la deficiencia encontrada en cuanto a posibilidades de estudio para la poblaci\u00f3n infantil del municipio.<\/span>[\/vc_column_text][stm_more more_link=&#8221;url:http%3A%2F%2Fwww.colegiosantotomaschia.edu.co%2Fnewsite%2Fhistoria%2F|title:Leer%20m%C3%A1s&#8221;][\/vc_column_inner][\/vc_row_inner][\/vc_column][vc_column width=&#8221;1\/3&#8243; offset=&#8221;vc_col-lg-3 vc_col-md-3 vc_hidden-sm vc_col-xs-12 vc_hidden-xs&#8221;][stm_wp_custommenu nav_menu=&#8221;85&#8243; css=&#8221;.vc_custom_1610667185687{margin-top: 36px !important;}&#8221;][\/vc_column][\/vc_row][vc_row full_width=&#8221;stretch_row&#8221; css=&#8221;.vc_custom_1473418293819{padding-top: 35px !important;padding-bottom: 25px !important;background-color: #e3e7ea !important;}&#8221;][vc_column][stm_title title_tag=&#8221;div&#8221; title_color=&#8221;custom&#8221; title=&#8221;Misi\u00f3n&#8221; title_color_custom=&#8221;#000000&#8243; title_font_size=&#8221;30px&#8221; title_line_height=&#8221;30px&#8221;][\/stm_title][vc_row_inner][vc_column_inner width=&#8221;2\/3&#8243; css=&#8221;.vc_custom_1473418238313{margin-bottom: 30px !important;}&#8221;][vc_column_text]<span style=\"color: #595959; font-sze: 15px; font-family: 'Work Sans', sans-serif;\">Seremos una instituci\u00f3n Educativa del sector privado, que ser\u00e1 la mejor alternativa en la formaci\u00f3n de l\u00edderes que con un adecuado desarrollo integral, una cultura en valores y con la ayuda de Dios, renovar\u00e1n la sociedad. <\/span>[\/vc_column_text][stm_title title_tag=&#8221;div&#8221; title_color=&#8221;custom&#8221; title=&#8221;Visi\u00f3n&#8221; title_color_custom=&#8221;#000000&#8243; title_font_size=&#8221;30px&#8221; title_line_height=&#8221;42px&#8221; title_margin_b=&#8221;26px&#8221;][\/stm_title][vc_column_text css=&#8221;.vc_custom_1609871721197{margin-bottom: 23px !important;}&#8221;]<span style=\"font-family: 'Work Sans', sans-serif; font-size: 15px; color: #595959; line-height: 28px;\">Formar l\u00edderes capacitados en valores \u00e9ticos, f\u00edsicos, art\u00edsticos e intelectuales que generen nuevas alternativas de desarrollo individual y social, siendo los mejores instrumentos de Dios en la construcci\u00f3n de su comunidad.<\/span>[\/vc_column_text][\/vc_column_inner][vc_column_inner width=&#8221;1\/3&#8243;][stm_single_image img_responsive_enable=&#8221;true&#8221; img_id=&#8221;2663&#8243; css=&#8221;.vc_custom_1610664032040{padding-left: 40px !important;}&#8221;][\/vc_column_inner][\/vc_row_inner][\/vc_column][\/vc_row][vc_row full_width=&#8221;stretch_row&#8221; css=&#8221;.vc_custom_1471591060485{padding-top: 34px !important;padding-bottom: 50px !important;background-color: #002147 !important;}&#8221;][vc_column][stm_title title_tag=&#8221;div&#8221; title_color=&#8221;custom&#8221; title_more_color=&#8221;white&#8221; title_more_sep_color=&#8221;red&#8221; title_more_link_enable=&#8221;true&#8221; title=&#8221;Campus&#8221; title_color_custom=&#8221;#ffffff&#8221; title_font_size=&#8221;30px&#8221; title_line_height=&#8221;42px&#8221; title_margin_b=&#8221;39px&#8221; title_more_link=&#8221;url:http%3A%2F%2Fwww.colegiosantotomaschia.edu.co%2Fnewsite%2Fcampus%2F|title:Ver%20m%C3%A1s&#8221;][\/stm_title][stm_media_gallery media_gallery_category=&#8221;campus&#8221; view_type=&#8221;grid&#8221; items_count=&#8221;4&#8243; item_count=&#8221;8&#8243;][\/vc_column][\/vc_row]<\/p>\n","protected":false},"excerpt":{"rendered":"<p>[vc_row css=&#8221;.vc_custom_1609951820646{margin-top: -43px !important;margin-bottom: 0px !important;}&#8221;][vc_column][rev_slider_vc alias=&#8221;home-slider-11&#8243;][\/vc_column][\/vc_row][vc_row full_width=&#8221;stretch_row&#8221; css=&#8221;.vc_custom_1469697216174{padding-top: 37px !important;padding-bottom: 60px !important;background-color: #e3e7ea !important;}&#8221;][vc_column][vc_empty_space height=&#8221;50px&#8221;][stm_title title_tag=&#8221;h2&#8243; title_color=&#8221;custom&#8221; title=&#8221;Quienes Somos&#8221; title_color_custom=&#8221;#000000&#8243; title_margin_b=&#8221;43px&#8221;][\/stm_title][vc_column_text css=&#8221;.vc_custom_1610668796079{margin-bottom: 29px !important;}&#8221;]Somos una Instituci\u00f3n Educativa certificada con los mas altos est\u00e1ndares de calidad.[\/vc_column_text][vc_row_inner][vc_column_inner width=&#8221;1\/3&#8243;][vc_single_image image=&#8221;2694&#8243; img_size=&#8221;full&#8221;][stm_title title_tag=&#8221;h5&#8243; title=&#8221;Modelo EFQM&#8221;][\/stm_title][vc_column_text]El modelo EFQM que surge en la d\u00e9cada de los 80s es un referente [&hellip;]<\/p>\n","protected":false},"author":1,"featured_media":0,"parent":0,"menu_order":1,"comment_status":"closed","ping_status":"closed","template":"","meta":[],"_links":{"self":[{"href":"http:\/\/www.colegiosantotomaschia.edu.co\/newsite\/wp-json\/wp\/v2\/pages\/506"}],"collection":[{"href":"http:\/\/www.colegiosantotomaschia.edu.co\/newsite\/wp-json\/wp\/v2\/pages"}],"about":[{"href":"http:\/\/www.colegiosantotomaschia.edu.co\/newsite\/wp-json\/wp\/v2\/types\/page"}],"author":[{"embeddable":true,"href":"http:\/\/www.colegiosantotomaschia.edu.co\/newsite\/wp-json\/wp\/v2\/users\/1"}],"replies":[{"embeddable":true,"href":"http:\/\/www.colegiosantotomaschia.edu.co\/newsite\/wp-json\/wp\/v2\/comments?post=506"}],"version-history":[{"count":16,"href":"http:\/\/www.colegiosantotomaschia.edu.co\/newsite\/wp-json\/wp\/v2\/pages\/506\/revisions"}],"predecessor-version":[{"id":2969,"href":"http:\/\/www.colegiosantotomaschia.edu.co\/newsite\/wp-json\/wp\/v2\/pages\/506\/revisions\/2969"}],"wp:attachment":[{"href":"http:\/\/www.colegiosantotomaschia.edu.co\/newsite\/wp-json\/wp\/v2\/media?parent=506"}],"curies":[{"name":"wp","href":"https:\/\/api.w.org\/{rel}","templated":true}]}}