{"id":2298,"date":"2016-07-08T13:54:03","date_gmt":"2016-07-08T10:54:03","guid":{"rendered":"http:\/\/smartyschool.stylemixthemes.com\/?page_id=6"},"modified":"2021-02-02T19:59:24","modified_gmt":"2021-02-02T19:59:24","slug":"home","status":"publish","type":"page","link":"http:\/\/www.colegiosantotomaschia.edu.co\/newsite\/","title":{"rendered":"Inicio"},"content":{"rendered":"<p>[vc_row css=&#8221;.vc_custom_1471270116615{margin-bottom: 0px !important;}&#8221;][vc_column][rev_slider_vc alias=&#8221;home_slider&#8221;][\/vc_column][\/vc_row][vc_row full_width=&#8221;stretch_row&#8221; css=&#8221;.vc_custom_1469697216174{padding-top: 37px !important;padding-bottom: 60px !important;background-color: #e3e7ea !important;}&#8221;][vc_column][stm_title title_tag=&#8221;h3&#8243; title_color=&#8221;custom&#8221; title=&#8221;Accede f\u00e1cil y r\u00e1pido a nuestros servicios&#8221; title_color_custom=&#8221;#000000&#8243; title_margin_b=&#8221;43px&#8221;][\/stm_title][vc_row_inner][vc_column_inner width=&#8221;1\/3&#8243;][stm_action_box img_id=&#8221;2682&#8243; action_box_link=&#8221;url:%23||&#8221; link_title=&#8221;Conoce m\u00e1s&#8221; title=&#8221;Admisiones&#8221;]Conoce el paso paso del proceso de admisi\u00f3n[\/stm_action_box][\/vc_column_inner][vc_column_inner width=&#8221;1\/3&#8243;][stm_action_box img_id=&#8221;2683&#8243; img_size=&#8221;350&#215;200&#8243; title=&#8221;Pago de Matr\u00edcula\/Otros&#8221; action_box_link=&#8221;url:https%3A%2F%2Fwww.zonapagos.com%2Fbasica%2F&#8221; link_title=&#8221;Pagar ahora&#8221;]Accede f\u00e1cil y r\u00e1pido a nuestros canales de pago[\/stm_action_box][\/vc_column_inner][vc_column_inner width=&#8221;1\/3&#8243;][stm_action_box img_id=&#8221;2684&#8243; title=&#8221;Pago de Pensi\u00f3n&#8221; link_title=&#8221;Pagar ahora&#8221; action_box_link=&#8221;url:https%3A%2F%2Fwww.zonapagos.com%2FPagosN3%2FVistas%2FLogins%2FLoginCliente.aspx&#8221;]Accede f\u00e1cil y r\u00e1pido a nuestros canales de pago[\/stm_action_box][\/vc_column_inner][\/vc_row_inner][\/vc_column][\/vc_row][vc_row full_width=&#8221;stretch_row&#8221; content_placement=&#8221;middle&#8221; css=&#8221;.vc_custom_1470826130359{background-color: #f5f5f5 !important;}&#8221;][vc_column width=&#8221;3\/4&#8243; css=&#8221;.vc_custom_1470899825055{padding-bottom: 23px !important;}&#8221;][stm_title title_tag=&#8221;h2&#8243; title_color=&#8221;custom&#8221; sep_color=&#8221;custom&#8221; title_more_sep_color=&#8221;red&#8221; sep_enable=&#8221;true&#8221; title_more_link_enable=&#8221;true&#8221; title=&#8221;Colegio Santo Tom\u00e1s Ch\u00eda&#8221; wrap_title=&#8221;true&#8221; title_color_custom=&#8221;#000000&#8243; sep_color_custom=&#8221;#8c1515&#8243; sep_line_width=&#8221;42px&#8221; title_margin_b=&#8221;43px&#8221; title_more_link=&#8221;url:http%3A%2F%2Fwww.colegiosantotomaschia.edu.co%2Fnewsite%2Fcampus%2F|title:Nuestro%20Campus&#8221; title_more_link_font_size=&#8221;14px&#8221;]<span style=\"color: #002147;\"><strong><a style=\"color: #002147;\" href=\"#\">See all multimedia<\/a><\/strong><\/span>[\/stm_title][vc_row_inner][vc_column_inner width=&#8221;2\/3&#8243;][vc_single_image image=&#8221;2793&#8243; img_size=&#8221;full&#8221;][stm_title title_tag=&#8221;h4&#8243; title=&#8221;Educaci\u00f3n de Calidad&#8221;][\/stm_title][vc_column_text]<span style=\"color: #595959; font-sze: 15px; font-family: 'Work Sans', sans-serif;\">Somos una instituci\u00f3n educativa certificada por el ICFES con la calificaci\u00f3n A+, siendo esta la m\u00e1s alta que instituci\u00f3n puede tener.<\/span>[\/vc_column_text][\/vc_column_inner][vc_column_inner width=&#8221;1\/3&#8243;][vc_single_image image=&#8221;2607&#8243; img_size=&#8221;full&#8221; onclick=&#8221;img_link_large&#8221;][vc_single_image image=&#8221;2666&#8243; img_size=&#8221;full&#8221; onclick=&#8221;img_link_large&#8221;][vc_single_image image=&#8221;2619&#8243; img_size=&#8221;full&#8221; onclick=&#8221;img_link_large&#8221;][\/vc_column_inner][\/vc_row_inner][\/vc_column][vc_column width=&#8221;1\/4&#8243; css=&#8221;.vc_custom_1470899428550{margin-right: 15px !important;margin-left: 15px !important;background-color: #ffffff !important;}&#8221;][vc_column_text css=&#8221;.vc_custom_1609990613752{margin-top: 22px !important;margin-bottom: 17px !important;}&#8221;]<\/p>\n<p style=\"text-align: center; letter-spacing: 0.9px;\"><span style=\"color: #000000; font-family: Work Sans, sans-serif;\"><span style=\"caret-color: #000000; font-size: 12px; text-transform: uppercase;\">nuestro compromiso ambiental<\/span><\/span><\/p>\n<p>[\/vc_column_text][stm_separator sep_color=&#8221;custom&#8221; sep_alignment=&#8221;center&#8221; sep_width=&#8221;1px&#8221; sep_line_width=&#8221;40px&#8221; sep_color_custom=&#8221;#8c1515&#8243; css=&#8221;.vc_custom_1473070289623{margin-bottom: 47px !important;}&#8221;][stm_stats text_alignment=&#8221;center&#8221; count_grouping=&#8221;true&#8221; value=&#8221;40&#8243; desc=&#8221;Reducimos un 40% el promedio mensual de basuras del 2018 al 2019.&#8221; count_suffix=&#8221;%&#8221; value_color=&#8221;#002147&#8243; title=&#8221;de basuras&#8221; desc_color=&#8221;#808080&#8243; title_color=&#8221;#002147&#8243; value_font_size=&#8221;48px&#8221; title_font_size=&#8221;15px&#8221; desc_font_size=&#8221;13px&#8221; css=&#8221;.vc_custom_1609991094586{margin-bottom: 56px !important;}&#8221;][stm_stats text_alignment=&#8221;center&#8221; count_grouping=&#8221;true&#8221; value=&#8221;12&#8243; desc=&#8221;Del 2016 a la actualidad hemos reducido un 12% el consumo de agua.&#8221; count_suffix=&#8221;%&#8221; title=&#8221;de agua&#8221; value_color=&#8221;#002147&#8243; value_font_size=&#8221;48px&#8221; title_color=&#8221;#002147&#8243; title_font_size=&#8221;15px&#8221; desc_color=&#8221;#808080&#8243; desc_font_size=&#8221;13px&#8221; css=&#8221;.vc_custom_1609991083094{margin-bottom: 56px !important;}&#8221;][stm_stats text_alignment=&#8221;center&#8221; count_grouping=&#8221;true&#8221; value=&#8221;186&#8243; desc=&#8221;Durante el 2019 reciclamos un promedio de 186kg mensuales de basura.&#8221; count_separator=&#8221;.&#8221; title=&#8221;de reciclaje&#8221; value_color=&#8221;#002147&#8243; value_font_size=&#8221;48px&#8221; title_color=&#8221;#002147&#8243; title_font_size=&#8221;15px&#8221; desc_color=&#8221;#808080&#8243; desc_font_size=&#8221;13px&#8221; css=&#8221;.vc_custom_1609991088535{margin-bottom: 56px !important;}&#8221; count_suffix=&#8221;kg&#8221;][\/vc_column][\/vc_row][vc_row full_width=&#8221;stretch_row&#8221; parallax=&#8221;content-moving-fade&#8221; parallax_image=&#8221;2449&#8243; css=&#8221;.vc_custom_1609281953180{padding-top: 37px !important;padding-bottom: 50px !important;}&#8221;][vc_column][stm_title title_tag=&#8221;h2&#8243; title_color=&#8221;custom&#8221; title_more_color=&#8221;white&#8221; title_more_sep_color=&#8221;white&#8221; title_more_link_enable=&#8221;true&#8221; title=&#8221;Cronograma&#8221; title_color_custom=&#8221;#ffffff&#8221; linktoall_enable=&#8221;true&#8221; link_content=&#8221;&#8221; title_margin_b=&#8221;43px&#8221; title_more_link=&#8221;url:%2Fmeetings|title:Ver%20todos%20los%20eventos&#8221;]<a href=\"#\"><span style=\"color: #fff;\">See more events<\/span><\/a>[\/stm_title][stm_events event_category=&#8221;institucional&#8221; events_count=&#8221;4&#8243;][\/vc_column][\/vc_row][vc_row css=&#8221;.vc_custom_1472552174667{margin-bottom: 18px !important;padding-top: 40px !important;}&#8221;][vc_column][stm_title title_tag=&#8221;h2&#8243; title_color=&#8221;custom&#8221; title_more_sep_color=&#8221;red&#8221; title_more_link_enable=&#8221;true&#8221; title_more_link_color=&#8221;&#8221; title=&#8221;\u00daltimas Noticias&#8221; title_color_custom=&#8221;#000000&#8243; title_font_size=&#8221;36px&#8221; title_more_link=&#8221;url:%23|title:Ver%20mas&#8221; title_more_link_margin_t=&#8221;4px&#8221; title_margin_b=&#8221;25px&#8221;][\/stm_title][\/vc_column][\/vc_row][vc_row][vc_column width=&#8221;3\/4&#8243; css=&#8221;.vc_custom_1471004146248{margin-bottom: 28px !important;}&#8221;][vc_tta_tabs style=&#8221;flat&#8221; shape=&#8221;square&#8221; color=&#8221;blue&#8221; spacing=&#8221;&#8221; alignment=&#8221;center&#8221; active_section=&#8221;1&#8243; no_fill_content_area=&#8221;true&#8221;][vc_tta_section title=&#8221;Todo&#8221; tab_id=&#8221;1469698928990-bf428591-7fc8&#8243;][stm_posts view=&#8221;small_grid&#8221; posts_category=&#8221;0&#8243; all_categories=&#8221;&#8221; max_amount=&#8221;4&#8243;][\/vc_tta_section][vc_tta_section title=&#8221;Actualidad&#8221; tab_id=&#8221;1470045415053-685749b6-4f26&#8243;][stm_posts view=&#8221;small_grid&#8221; posts_category=&#8221;actualidad&#8221;][\/vc_tta_section][vc_tta_section title=&#8221;Institucional&#8221; tab_id=&#8221;1470045441402-11a187e3-0c42&#8243;][stm_posts view=&#8221;small_grid&#8221; posts_category=&#8221;athletics&#8221;][\/vc_tta_section][\/vc_tta_tabs][\/vc_column][vc_column width=&#8221;1\/4&#8243; css=&#8221;.vc_custom_1612205512075{background-color: #000000 !important;}&#8221;][stm_separator sep_color=&#8221;custom&#8221; sep_alignment=&#8221;center&#8221; sep_width=&#8221;1px&#8221; sep_line_width=&#8221;40px&#8221; sep_color_custom=&#8221;#000000&#8243; css=&#8221;.vc_custom_1612205861933{margin-bottom: 47px !important;}&#8221;][stm_title title_tag=&#8221;h5&#8243; title_align=&#8221;center&#8221; title_color=&#8221;custom&#8221; title=&#8221;Chatea con nosotors&#8221; title_color_custom=&#8221;#ffffff&#8221; title_margin_b=&#8221;43px&#8221;][\/stm_title][vc_single_image image=&#8221;2871&#8243; img_size=&#8221;100X100&#8243; alignment=&#8221;center&#8221; onclick=&#8221;custom_link&#8221; img_link_target=&#8221;_blank&#8221; link=&#8221;https:\/\/www.messenger.com\/t\/santotochia&#8221;][stm_separator sep_color=&#8221;custom&#8221; sep_alignment=&#8221;center&#8221; sep_width=&#8221;1px&#8221; sep_line_width=&#8221;40px&#8221; sep_color_custom=&#8221;#000000&#8243; css=&#8221;.vc_custom_1612205871194{margin-bottom: 47px !important;}&#8221;][\/vc_column][\/vc_row][vc_row full_width=&#8221;stretch_row&#8221; css=&#8221;.vc_custom_1469697216174{padding-top: 37px !important;padding-bottom: 60px !important;background-color: #e3e7ea !important;}&#8221;][vc_column][stm_title title_tag=&#8221;h2&#8243; title_color=&#8221;custom&#8221; title=&#8221;Convenios&#8221; title_color_custom=&#8221;#000000&#8243; title_margin_b=&#8221;43px&#8221;][\/stm_title][vc_row_inner][vc_column_inner width=&#8221;1\/3&#8243;][stm_action_box img_id=&#8221;2688&#8243; action_box_link=&#8221;url:https%3A%2F%2Fwww.unisabana.edu.co%2F&#8221; link_title=&#8221;Conoce m\u00e1s&#8221; title=&#8221;Universidad de la Sabana&#8221;]Entre las m\u00faltiples ventajas y servicios que ofrece el Colegio Santo Tom\u00e1s Ch\u00eda est\u00e1n los diversos convenios con instituciones y entidades que permiten a nuestros estudiantes proyectarse y evolucionar desde diferentes aspectos y dimensiones.[\/stm_action_box][\/vc_column_inner][vc_column_inner width=&#8221;1\/3&#8243;][stm_action_box img_id=&#8221;2689&#8243; img_size=&#8221;350&#215;200&#8243; title=&#8221;Escuela de Ingenieros&#8221; action_box_link=&#8221;url:https%3A%2F%2Fwww.escuelaing.edu.co%2Fes%2F&#8221; link_title=&#8221;Conoce m\u00e1s&#8221;]Entre las m\u00faltiples ventajas y servicios que ofrece el Colegio Santo Tom\u00e1s Ch\u00eda est\u00e1n los diversos convenios con instituciones y entidades que permiten a nuestros estudiantes proyectarse y evolucionar desde diferentes aspectos y dimensiones.[\/stm_action_box][\/vc_column_inner][vc_column_inner width=&#8221;1\/3&#8243;][stm_action_box img_id=&#8221;2690&#8243; title=&#8221;Universidad Uniminuto&#8221; link_title=&#8221;Conoce m\u00e1s&#8221; action_box_link=&#8221;url:https%3A%2F%2Fwww.uniminuto.edu%2F&#8221;]Apoyo y fortalecimiento del departamento de Psicolog\u00eda a trav\u00e9s de pasant\u00edas de la Universidad Uniminuto[\/stm_action_box][\/vc_column_inner][\/vc_row_inner][vc_row_inner][vc_column_inner width=&#8221;1\/3&#8243;][stm_action_box img_id=&#8221;2837&#8243; action_box_link=&#8221;url:https%3A%2F%2Fwww.umng.edu.co%2Finicio&#8221; link_title=&#8221;Conoce m\u00e1s&#8221; title=&#8221;Universidad Militar Nueva Granada&#8221;]Entre las m\u00faltiples ventajas y servicios que ofrece el Colegio Santo Tom\u00e1s Ch\u00eda est\u00e1n los diversos convenios con instituciones y entidades que permiten a nuestros estudiantes proyectarse y evolucionar desde diferentes aspectos y dimensiones.[\/stm_action_box][\/vc_column_inner][vc_column_inner width=&#8221;1\/3&#8243;][stm_action_box img_id=&#8221;2838&#8243; img_size=&#8221;350&#215;200&#8243; title=&#8221;Unicervantes&#8221; action_box_link=&#8221;url:https%3A%2F%2Fwww.unicervantes.edu.co%2F&#8221; link_title=&#8221;Conoce m\u00e1s&#8221;]Entre las m\u00faltiples ventajas y servicios que ofrece el Colegio Santo Tom\u00e1s Ch\u00eda est\u00e1n los diversos convenios con instituciones y entidades que permiten a nuestros estudiantes proyectarse y evolucionar desde diferentes aspectos y dimensiones.[\/stm_action_box][\/vc_column_inner][vc_column_inner width=&#8221;1\/3&#8243;][stm_action_box img_id=&#8221;2839&#8243; title=&#8221;Tecnol\u00f3gico de Monterrey&#8221; link_title=&#8221;Conoce m\u00e1s&#8221; action_box_link=&#8221;url:https%3A%2F%2Ftec.mx%2Fes&#8221;]Apoyo y fortalecimiento del departamento de Psicolog\u00eda a trav\u00e9s de pasant\u00edas de la Universidad Uniminuto[\/stm_action_box][\/vc_column_inner][\/vc_row_inner][\/vc_column][\/vc_row][vc_row][vc_column][\/vc_column][\/vc_row][vc_row][vc_column width=&#8221;1\/3&#8243;][vc_single_image image=&#8221;2920&#8243; img_size=&#8221;100&#215;100&#8243; alignment=&#8221;right&#8221; onclick=&#8221;custom_link&#8221; img_link_target=&#8221;_blank&#8221; link=&#8221;https:\/\/www.facebook.com\/santotochia&#8221;][\/vc_column][vc_column width=&#8221;1\/3&#8243;][vc_single_image image=&#8221;2872&#8243; img_size=&#8221;100&#215;100&#8243; alignment=&#8221;center&#8221; onclick=&#8221;custom_link&#8221; img_link_target=&#8221;_blank&#8221; link=&#8221;https:\/\/www.messenger.com\/t\/santotochia&#8221;][\/vc_column][vc_column width=&#8221;1\/3&#8243;][vc_single_image image=&#8221;2922&#8243; img_size=&#8221;100&#215;100&#8243; onclick=&#8221;custom_link&#8221; img_link_target=&#8221;_blank&#8221; link=&#8221;https:\/\/instagram.com\/csantotochia?igshid=1xy1q7cvo9ich&#8221;][\/vc_column][\/vc_row]<\/p>\n","protected":false},"excerpt":{"rendered":"<p>[vc_row css=&#8221;.vc_custom_1471270116615{margin-bottom: 0px !important;}&#8221;][vc_column][rev_slider_vc alias=&#8221;home_slider&#8221;][\/vc_column][\/vc_row][vc_row full_width=&#8221;stretch_row&#8221; css=&#8221;.vc_custom_1469697216174{padding-top: 37px !important;padding-bottom: 60px !important;background-color: #e3e7ea !important;}&#8221;][vc_column][stm_title title_tag=&#8221;h3&#8243; title_color=&#8221;custom&#8221; title=&#8221;Accede f\u00e1cil y r\u00e1pido a nuestros servicios&#8221; title_color_custom=&#8221;#000000&#8243; title_margin_b=&#8221;43px&#8221;][\/stm_title][vc_row_inner][vc_column_inner width=&#8221;1\/3&#8243;][stm_action_box img_id=&#8221;2682&#8243; action_box_link=&#8221;url:%23||&#8221; link_title=&#8221;Conoce m\u00e1s&#8221; title=&#8221;Admisiones&#8221;]Conoce el paso paso del proceso de admisi\u00f3n[\/stm_action_box][\/vc_column_inner][vc_column_inner width=&#8221;1\/3&#8243;][stm_action_box img_id=&#8221;2683&#8243; img_size=&#8221;350&#215;200&#8243; title=&#8221;Pago de Matr\u00edcula\/Otros&#8221; action_box_link=&#8221;url:https%3A%2F%2Fwww.zonapagos.com%2Fbasica%2F&#8221; link_title=&#8221;Pagar ahora&#8221;]Accede f\u00e1cil y r\u00e1pido a nuestros canales de pago[\/stm_action_box][\/vc_column_inner][vc_column_inner width=&#8221;1\/3&#8243;][stm_action_box [&hellip;]<\/p>\n","protected":false},"author":1,"featured_media":0,"parent":0,"menu_order":0,"comment_status":"closed","ping_status":"closed","template":"","meta":[],"_links":{"self":[{"href":"http:\/\/www.colegiosantotomaschia.edu.co\/newsite\/wp-json\/wp\/v2\/pages\/2298"}],"collection":[{"href":"http:\/\/www.colegiosantotomaschia.edu.co\/newsite\/wp-json\/wp\/v2\/pages"}],"about":[{"href":"http:\/\/www.colegiosantotomaschia.edu.co\/newsite\/wp-json\/wp\/v2\/types\/page"}],"author":[{"embeddable":true,"href":"http:\/\/www.colegiosantotomaschia.edu.co\/newsite\/wp-json\/wp\/v2\/users\/1"}],"replies":[{"embeddable":true,"href":"http:\/\/www.colegiosantotomaschia.edu.co\/newsite\/wp-json\/wp\/v2\/comments?post=2298"}],"version-history":[{"count":39,"href":"http:\/\/www.colegiosantotomaschia.edu.co\/newsite\/wp-json\/wp\/v2\/pages\/2298\/revisions"}],"predecessor-version":[{"id":2974,"href":"http:\/\/www.colegiosantotomaschia.edu.co\/newsite\/wp-json\/wp\/v2\/pages\/2298\/revisions\/2974"}],"wp:attachment":[{"href":"http:\/\/www.colegiosantotomaschia.edu.co\/newsite\/wp-json\/wp\/v2\/media?parent=2298"}],"curies":[{"name":"wp","href":"https:\/\/api.w.org\/{rel}","templated":true}]}}