{"id":1260,"date":"2016-08-30T07:22:43","date_gmt":"2016-08-30T04:22:43","guid":{"rendered":"http:\/\/smartyschool.stylemixthemes.com\/?page_id=1260"},"modified":"2021-01-25T21:57:16","modified_gmt":"2021-01-25T21:57:16","slug":"faq","status":"publish","type":"page","link":"http:\/\/www.colegiosantotomaschia.edu.co\/newsite\/faq\/","title":{"rendered":"FAQ"},"content":{"rendered":"<p>[vc_row css=&#8221;.vc_custom_1472536604993{margin-top: 4px !important;margin-bottom: 60px !important;}&#8221;][vc_column width=&#8221;7\/12&#8243; css=&#8221;.vc_custom_1473426881062{margin-bottom: 30px !important;}&#8221; offset=&#8221;vc_col-lg-8 vc_col-md-8 vc_col-xs-12&#8243;][stm_title title_tag=&#8221;div&#8221; title_color=&#8221;custom&#8221; page_title_enable=&#8221;true&#8221; title_color_custom=&#8221;#000000&#8243; title_font_size=&#8221;36px&#8221; title_line_height=&#8221;48px&#8221; title_margin_b=&#8221;38px&#8221;][\/stm_title][vc_tta_accordion gap=&#8221;4&#8243; c_position=&#8221;right&#8221; active_section=&#8221;1&#8243; css=&#8221;.vc_custom_1472532633627{margin-bottom: 40px !important;}&#8221;][vc_tta_section title=&#8221;1. \u00bfEl colegio es biling\u00fce?&#8221; tab_id=&#8221;1472531131775-b1c260fe-0e4f&#8221;][vc_column_text]<span style=\"display: block; line-height: 26px; font-family: 'Work Sans', sans-serif; font-size: 14px;\">El colegio cuenta con una profundizaci\u00f3n en ingl\u00e9s en los cursos de pre-jard\u00edn, jard\u00edn, transici\u00f3n, primero y segundo, por lo que no figuramos como biling\u00fces pero si contamos con una intensificaci\u00f3n en el ingl\u00e9s, adem\u00e1s somos centro de preparaci\u00f3n para ex\u00e1menes Cambridge por lo que nuestros estudiantes de secundaria y media acad\u00e9mica presentan los ex\u00e1menes KET, PET y IELTS.<\/span>[\/vc_column_text][\/vc_tta_section][vc_tta_section title=&#8221;2. \u00bfCu\u00e1l es la edad de ingreso al colegio?&#8221; tab_id=&#8221;1472531131859-8dd21fe3-9709&#8243;][vc_column_text]<span style=\"display: block; line-height: 26px; font-family: 'Work Sans', sans-serif; font-size: 14px;\">Nuestro primer grado es pre-jard\u00edn y se permite el ingreso desde los 3 a\u00f1os cumplidos, o que los cumplan hasta abril.<\/span>[\/vc_column_text][\/vc_tta_section][vc_tta_section title=&#8221;3. \u00bfReciben estudiantes de todos los grados?&#8221; tab_id=&#8221;1472531370339-dffcccab-b4d0&#8243;][vc_column_text]<span style=\"display: block; line-height: 26px; font-family: 'Work Sans', sans-serif; font-size: 14px;\">Recibimos estudiantes de todos los grados, sin embargo, cada vez que el estudiante cursa un grado mayor el proceso de admisi\u00f3n aumenta su complejidad. <\/span>[\/vc_column_text][\/vc_tta_section][vc_tta_section title=&#8221;4. \u00bfCu\u00e1les son los pasos del proceso de admisi\u00f3n?&#8221; tab_id=&#8221;1472531415544-fe23a6c2-6648&#8243;][vc_column_text]<span style=\"display: block; line-height: 26px; font-family: 'Work Sans', sans-serif; font-size: 14px;\">El proceso de admisi\u00f3n consta de 5 pasos:<br \/>\n<strong>Pre-inscripci\u00f3n<\/strong><br \/>\npara la charla informativa sobre la filosof\u00eda Tomasina, PEI, manual de convivencia, instalaciones y servicios.<br \/>\n<strong>Inscripci\u00f3n<\/strong><br \/>\nCompra de formulario ($50.000 COP) Para realizar el pago, te enviaremos toda la informaci\u00f3n al correo electr\u00f3nico.<br \/>\nEntrevista familiar y prueba diagn\u00f3stica<br \/>\nAsiste en el horario seleccionado al encuentro v\u00eda ZOOM-MEET (duraci\u00f3n 60&#8242;)<br \/>\n<strong>Resultados<\/strong><br \/>\nLa respuesta de admisi\u00f3n se realizar\u00e1 mediante encuentro virtual con programaci\u00f3n previa. En \u00e9ste se describe al grupo familiar los componentes de favorabilidad de nuestro PEI para el futuro acad\u00e9mico del aspirante.<br \/>\n<strong>Pre-matr\u00edcula y Matr\u00edcula<\/strong><br \/>\nEl grupo familiar en el departamento de apoyo contable recibe datos sobre costos y procesos de consignaci\u00f3n para realizar separaci\u00f3n de cupo y programaci\u00f3n de matr\u00edcula.<br \/>\n<\/span>[\/vc_column_text][\/vc_tta_section][vc_tta_section title=&#8221;5. \u00bfQu\u00e9 documentos son requeridos en el proceso de admisi\u00f3n?&#8221; tab_id=&#8221;1472531442515-82188234-e340&#8243;][vc_column_text]<span style=\"display: block; line-height: 26px; font-family: 'Work Sans', sans-serif; font-size: 14px;\">Para iniciar el proceso de admisi\u00f3n, \u00fanicamente se requiere el comprobante de pago del formulario de inscripci\u00f3n. Posteriormente, si el aspirante es admitido, se provee una lista con los documentos necesarios para realizar el proceso de matr\u00edcula. <\/span>[\/vc_column_text][\/vc_tta_section][vc_tta_section title=&#8221;6. \u00bfQue se tiene en cuenta dentro del proceso de admisi\u00f3n?&#8221; tab_id=&#8221;1472531487560-c68fc95d-f081&#8243;][vc_column_text]<span style=\"display: block; line-height: 26px; font-family: 'Work Sans', sans-serif; font-size: 14px;\">Durante el proceso de admisi\u00f3n se tienen en consideraci\u00f3n caracter\u00edsticas relacionadas con el perfil Tomasino tanto de la familia como de los aspirantes, al igual que su desempe\u00f1o en el componente acad\u00e9mico para el ingreso a cada grado escolar.\u00a0<\/span>[\/vc_column_text][\/vc_tta_section][vc_tta_section title=&#8221;7. \u00bfLas creencias religiosas son un factor decisivo en el proceso de admisi\u00f3n?&#8221; tab_id=&#8221;1472531503079-9b34decb-dd71&#8243;][vc_column_text]<span style=\"display: block; line-height: 26px; font-family: 'Work Sans', sans-serif; font-size: 14px;\">No es un factor decisivo, respetamos la libertad de culto, pero se le hace conocer a los interesados que es un colegio con profundo sentido cat\u00f3lico y como tal hay celebraci\u00f3n eucar\u00edstica cada mes y se dicta la materia de religi\u00f3n.<br \/>\n<\/span>[\/vc_column_text][\/vc_tta_section][vc_tta_section title=&#8221;8. \u00bfEl colegio asigna tareas a sus estudiantes?&#8221; tab_id=&#8221;1472531524983-2ba9a9ac-7f2c&#8221;][vc_column_text]<span style=\"display: block; line-height: 26px; font-family: 'Work Sans', sans-serif; font-size: 14px;\">Si se dejan trabajos para la casa, pero se establece un horario para que no haya ning\u00fan recargo de tareas.<\/span>[\/vc_column_text][\/vc_tta_section][vc_tta_section title=&#8221;9. \u00bfCu\u00e1ntos cursos hay en cada grado?&#8221; tab_id=&#8221;1472531553760-e44ff7d4-f9b3&#8243;][vc_column_text]<span style=\"display: block; line-height: 26px; font-family: 'Work Sans', sans-serif; font-size: 14px;\">El n\u00famero m\u00e1ximo de cursos por grado es de 3, la gran mayor\u00eda es de 2.<\/span>[\/vc_column_text][\/vc_tta_section][vc_tta_section title=&#8221;10. \u00bfCu\u00e1ntos estudiantes hay en cada sal\u00f3n?&#8221; tab_id=&#8221;1472531584745-0608b57e-7d85&#8243;][vc_column_text]<span style=\"display: block; line-height: 26px; font-family: 'Work Sans', sans-serif; font-size: 14px;\">En preescolar se maneja entre 20 a 25 estudiantes por sal\u00f3n y en primaria y bachillerato de 25 a 30 estudiantes por sal\u00f3n.<\/span>[\/vc_column_text][\/vc_tta_section][vc_tta_section title=&#8221;11. \u00bfEn qu\u00e9 horarios se lleva a cabo el proceso de admisi\u00f3n?&#8221; tab_id=&#8221;1472531616244-f2f73172-d4f1&#8243;][vc_column_text]<span style=\"display: block; line-height: 26px; font-family: 'Work Sans', sans-serif; font-size: 14px;\">La entrevista familiar, del aspirante y el desarrollo de pruebas acad\u00e9micas, se realiza de lunes a viernes de 7:00 a.m.- 11:00 a.m. y el proceso tiene una duraci\u00f3n aproximada de dos horas.\u00a0<\/span>[\/vc_column_text][\/vc_tta_section][vc_tta_section title=&#8221;12. \u00bfC\u00f3mo realizar el pago de la pensi\u00f3n?&#8221; tab_id=&#8221;1472531637068-a3989331-52b3&#8243;][vc_column_text]<a href=\"http:\/\/www.colegiosantotomaschia.edu.co\/newsite\/stm-media-gallery\/estudiantes-13\/\" target=\"_blank\" rel=\"noopener\"><span style=\"display: block; line-height: 26px; font-family: 'Work Sans', sans-serif; font-size: 14px;\">AQU\u00cd podr\u00e1 descargar el instructivo para realizar el pago.<\/span><\/a>[\/vc_column_text][\/vc_tta_section][vc_tta_section title=&#8221;13. \u00bfC\u00f3mo pagar m\u00f3dulos u otros?&#8221; tab_id=&#8221;1611585566296-faea83f5-de69&#8243;][vc_column_text]<a href=\"http:\/\/www.colegiosantotomaschia.edu.co\/newsite\/wp-content\/uploads\/2021\/01\/Instructivo-mo\u0301dulos.pdf\" target=\"_blank\" rel=\"noopener\"><span style=\"display: block; line-height: 26px; font-family: 'Work Sans', sans-serif; font-size: 14px;\">AQU\u00cd podr\u00e1 descargar el instructivo para realizar el pago.<\/span><\/a>[\/vc_column_text][\/vc_tta_section][\/vc_tta_accordion][stm_title title_tag=&#8221;div&#8221; title_color=&#8221;custom&#8221; title=&#8221;Preg\u00fantanos&#8221; title_color_custom=&#8221;#000000&#8243; title_font_size=&#8221;30px&#8221; title_line_height=&#8221;42px&#8221; title_margin_b=&#8221;30px&#8221; title_margin_t=&#8221;18px&#8221;][\/stm_title][vc_column_text]<span style=\"display: block; line-height: 26px; font-family: 'Work Sans', sans-serif; font-size: 14px;\">Si no encuentras la respuesta a tu inquietud, puedes preguntarnos mediante el siguiente formulario:<\/span>[\/vc_column_text]<div role=\"form\" class=\"wpcf7\" id=\"wpcf7-f682-o1\" lang=\"en-US\" dir=\"ltr\">\n<div class=\"screen-reader-response\"><p role=\"status\" aria-live=\"polite\" aria-atomic=\"true\"><\/p> <ul><\/ul><\/div>\n<form action=\"\/newsite\/wp-json\/wp\/v2\/pages\/1260#wpcf7-f682-o1\" method=\"post\" class=\"wpcf7-form init\" novalidate=\"novalidate\" data-status=\"init\">\n<div style=\"display: none;\">\n<input type=\"hidden\" name=\"_wpcf7\" value=\"682\" \/>\n<input type=\"hidden\" name=\"_wpcf7_version\" value=\"5.3.2\" \/>\n<input type=\"hidden\" name=\"_wpcf7_locale\" value=\"en_US\" \/>\n<input type=\"hidden\" name=\"_wpcf7_unit_tag\" value=\"wpcf7-f682-o1\" \/>\n<input type=\"hidden\" name=\"_wpcf7_container_post\" value=\"0\" \/>\n<input type=\"hidden\" name=\"_wpcf7_posted_data_hash\" value=\"\" \/>\n<\/div>\n<div class=\"row\">\n<div class=\"col-sm-6 col-xs-12\"><span class=\"wpcf7-form-control-wrap your-name\"><input type=\"text\" name=\"your-name\" value=\"\" size=\"40\" class=\"wpcf7-form-control wpcf7-text wpcf7-validates-as-required\" aria-required=\"true\" aria-invalid=\"false\" placeholder=\"Nombre *\" \/><\/span><span class=\"wpcf7-form-control-wrap your-email\"><input type=\"email\" name=\"your-email\" value=\"\" size=\"40\" class=\"wpcf7-form-control wpcf7-text wpcf7-email wpcf7-validates-as-required wpcf7-validates-as-email\" aria-required=\"true\" aria-invalid=\"false\" placeholder=\"E-mail *\" \/><\/span><span class=\"wpcf7-form-control-wrap your-phone\"><input type=\"tel\" name=\"your-phone\" value=\"\" size=\"40\" class=\"wpcf7-form-control wpcf7-text wpcf7-tel wpcf7-validates-as-tel\" aria-invalid=\"false\" placeholder=\"Tel\u00e9fono\" \/><\/span><\/div>\n<div class=\"col-sm-6 col-xs-12\"><span class=\"wpcf7-form-control-wrap your-message\"><textarea name=\"your-message\" cols=\"40\" rows=\"10\" class=\"wpcf7-form-control wpcf7-textarea wpcf7-validates-as-required\" aria-required=\"true\" aria-invalid=\"false\" placeholder=\"Mensaje *\"><\/textarea><\/span><\/div>\n<\/div>\n<p><button type=\"submit\" class=\"stm-btn stm-btn_outline stm-btn_md stm-btn_red stm-btn_icon-right\">Enviar <i class=\"fa fa-angle-right\" aria-hidden=\"true\"><\/i><\/button><input type=\"submit\" value=\"Enviar\" class=\"wpcf7-form-control wpcf7-submit hidden\" \/><\/p>\n<input type='hidden' class='wpcf7-pum' value='{\"closepopup\":false,\"closedelay\":0,\"openpopup\":false,\"openpopup_id\":0}' \/><div class=\"wpcf7-response-output\" aria-hidden=\"true\"><\/div><\/form><\/div>[\/vc_column][vc_column width=&#8221;1\/12&#8243; offset=&#8221;vc_hidden-md vc_hidden-sm vc_hidden-xs&#8221;][\/vc_column][vc_column width=&#8221;5\/12&#8243; css=&#8221;.vc_custom_1473426890900{margin-top: 15px !important;}&#8221; offset=&#8221;vc_col-lg-3 vc_col-md-3 vc_col-xs-12&#8243;][stm_sidebar sidebar_id=&#8221;1278&#8243;][\/vc_column][\/vc_row]<\/p>\n","protected":false},"excerpt":{"rendered":"<p>[vc_row css=&#8221;.vc_custom_1472536604993{margin-top: 4px !important;margin-bottom: 60px !important;}&#8221;][vc_column width=&#8221;7\/12&#8243; css=&#8221;.vc_custom_1473426881062{margin-bottom: 30px !important;}&#8221; offset=&#8221;vc_col-lg-8 vc_col-md-8 vc_col-xs-12&#8243;][stm_title title_tag=&#8221;div&#8221; title_color=&#8221;custom&#8221; page_title_enable=&#8221;true&#8221; title_color_custom=&#8221;#000000&#8243; title_font_size=&#8221;36px&#8221; title_line_height=&#8221;48px&#8221; title_margin_b=&#8221;38px&#8221;][\/stm_title][vc_tta_accordion gap=&#8221;4&#8243; c_position=&#8221;right&#8221; active_section=&#8221;1&#8243; css=&#8221;.vc_custom_1472532633627{margin-bottom: 40px !important;}&#8221;][vc_tta_section title=&#8221;1. \u00bfEl colegio es biling\u00fce?&#8221; tab_id=&#8221;1472531131775-b1c260fe-0e4f&#8221;][vc_column_text]El colegio cuenta con una profundizaci\u00f3n en ingl\u00e9s en los cursos de pre-jard\u00edn, jard\u00edn, transici\u00f3n, primero y segundo, por lo que no figuramos como [&hellip;]<\/p>\n","protected":false},"author":1,"featured_media":0,"parent":0,"menu_order":53,"comment_status":"closed","ping_status":"closed","template":"","meta":[],"_links":{"self":[{"href":"http:\/\/www.colegiosantotomaschia.edu.co\/newsite\/wp-json\/wp\/v2\/pages\/1260"}],"collection":[{"href":"http:\/\/www.colegiosantotomaschia.edu.co\/newsite\/wp-json\/wp\/v2\/pages"}],"about":[{"href":"http:\/\/www.colegiosantotomaschia.edu.co\/newsite\/wp-json\/wp\/v2\/types\/page"}],"author":[{"embeddable":true,"href":"http:\/\/www.colegiosantotomaschia.edu.co\/newsite\/wp-json\/wp\/v2\/users\/1"}],"replies":[{"embeddable":true,"href":"http:\/\/www.colegiosantotomaschia.edu.co\/newsite\/wp-json\/wp\/v2\/comments?post=1260"}],"version-history":[{"count":7,"href":"http:\/\/www.colegiosantotomaschia.edu.co\/newsite\/wp-json\/wp\/v2\/pages\/1260\/revisions"}],"predecessor-version":[{"id":2834,"href":"http:\/\/www.colegiosantotomaschia.edu.co\/newsite\/wp-json\/wp\/v2\/pages\/1260\/revisions\/2834"}],"wp:attachment":[{"href":"http:\/\/www.colegiosantotomaschia.edu.co\/newsite\/wp-json\/wp\/v2\/media?parent=1260"}],"curies":[{"name":"wp","href":"https:\/\/api.w.org\/{rel}","templated":true}]}}